{"id":168,"date":"2023-07-05T09:45:21","date_gmt":"2023-07-05T07:45:21","guid":{"rendered":"https:\/\/www.hmimmobilien.it\/home\/"},"modified":"2023-08-17T14:21:03","modified_gmt":"2023-08-17T12:21:03","slug":"home","status":"publish","type":"page","link":"https:\/\/www.hmimmobilien.it\/it\/","title":{"rendered":"Home"},"content":{"rendered":"","protected":false},"excerpt":{"rendered":"","protected":false},"author":1,"featured_media":138,"parent":0,"menu_order":0,"comment_status":"closed","ping_status":"closed","template":"template-home.php","meta":{"_acf_changed":false,"footnotes":""},"class_list":["post-168","page","type-page","status-publish","has-post-thumbnail","hentry"],"acf":[],"yoast_head":"<!-- This site is optimized with the Yoast SEO plugin v24.9 - https:\/\/yoast.com\/wordpress\/plugins\/seo\/ -->\n<title>H&amp;M Immobilien | Vendite immobiliari in Alto Adige<\/title>\n<meta name=\"description\" content=\"H&amp;M Immobilien, il vostro partner affidabile nel settore immobiliare. Case, appartamenti, terreni commerciali: trovate la propriet\u00e0 dei vostri sogni.\" \/>\n<meta name=\"robots\" content=\"index, follow, max-snippet:-1, max-image-preview:large, max-video-preview:-1\" \/>\n<link rel=\"canonical\" href=\"https:\/\/www.hmimmobilien.it\/it\/\" \/>\n<meta property=\"og:locale\" content=\"it_IT\" \/>\n<meta property=\"og:type\" content=\"article\" \/>\n<meta property=\"og:title\" content=\"H&amp;M Immobilien | Vendite immobiliari in Alto Adige\" \/>\n<meta property=\"og:description\" content=\"H&amp;M Immobilien, il vostro partner affidabile nel settore immobiliare. Case, appartamenti, terreni commerciali: trovate la propriet\u00e0 dei vostri sogni.\" \/>\n<meta property=\"og:url\" content=\"https:\/\/www.hmimmobilien.it\/it\/\" \/>\n<meta property=\"og:site_name\" content=\"H&amp;M Immobilien - Vendite immobiliari in Alto Adige\" \/>\n<meta property=\"article:modified_time\" content=\"2023-08-17T12:21:03+00:00\" \/>\n<meta property=\"og:image\" content=\"https:\/\/www.hmimmobilien.it\/wp-content\/uploads\/shutterstock_1992009482.jpg\" \/>\n\t<meta property=\"og:image:width\" content=\"2000\" \/>\n\t<meta property=\"og:image:height\" content=\"1200\" \/>\n\t<meta property=\"og:image:type\" content=\"image\/jpeg\" \/>\n<meta name=\"twitter:card\" content=\"summary_large_image\" \/>\n<script type=\"application\/ld+json\" class=\"yoast-schema-graph\">{\"@context\":\"https:\/\/schema.org\",\"@graph\":[{\"@type\":\"WebPage\",\"@id\":\"https:\/\/www.hmimmobilien.it\/it\/\",\"url\":\"https:\/\/www.hmimmobilien.it\/it\/\",\"name\":\"H&M Immobilien | Vendite immobiliari in Alto Adige\",\"isPartOf\":{\"@id\":\"https:\/\/www.hmimmobilien.it\/it\/#website\"},\"primaryImageOfPage\":{\"@id\":\"https:\/\/www.hmimmobilien.it\/it\/#primaryimage\"},\"image\":{\"@id\":\"https:\/\/www.hmimmobilien.it\/it\/#primaryimage\"},\"thumbnailUrl\":\"https:\/\/www.hmimmobilien.it\/wp-content\/uploads\/shutterstock_1992009482.jpg\",\"datePublished\":\"2023-07-05T07:45:21+00:00\",\"dateModified\":\"2023-08-17T12:21:03+00:00\",\"description\":\"H&M Immobilien, il vostro partner affidabile nel settore immobiliare. Case, appartamenti, terreni commerciali: trovate la propriet\u00e0 dei vostri sogni.\",\"breadcrumb\":{\"@id\":\"https:\/\/www.hmimmobilien.it\/it\/#breadcrumb\"},\"inLanguage\":\"it-IT\",\"potentialAction\":[{\"@type\":\"ReadAction\",\"target\":[\"https:\/\/www.hmimmobilien.it\/it\/\"]}]},{\"@type\":\"ImageObject\",\"inLanguage\":\"it-IT\",\"@id\":\"https:\/\/www.hmimmobilien.it\/it\/#primaryimage\",\"url\":\"https:\/\/www.hmimmobilien.it\/wp-content\/uploads\/shutterstock_1992009482.jpg\",\"contentUrl\":\"https:\/\/www.hmimmobilien.it\/wp-content\/uploads\/shutterstock_1992009482.jpg\",\"width\":2000,\"height\":1200},{\"@type\":\"BreadcrumbList\",\"@id\":\"https:\/\/www.hmimmobilien.it\/it\/#breadcrumb\",\"itemListElement\":[{\"@type\":\"ListItem\",\"position\":1,\"name\":\"Startseite\",\"item\":\"https:\/\/www.hmimmobilien.it\/it\/\"},{\"@type\":\"ListItem\",\"position\":2,\"name\":\"Home\"}]},{\"@type\":\"WebSite\",\"@id\":\"https:\/\/www.hmimmobilien.it\/it\/#website\",\"url\":\"https:\/\/www.hmimmobilien.it\/it\/\",\"name\":\"H&M Immobilien \u2013 Ihr verl\u00e4sslicher Partner f\u00fcr den Immobilienverkauf in S\u00fcdtirol\",\"description\":\"\",\"publisher\":{\"@id\":\"https:\/\/www.hmimmobilien.it\/it\/#organization\"},\"potentialAction\":[{\"@type\":\"SearchAction\",\"target\":{\"@type\":\"EntryPoint\",\"urlTemplate\":\"https:\/\/www.hmimmobilien.it\/it\/?s={search_term_string}\"},\"query-input\":{\"@type\":\"PropertyValueSpecification\",\"valueRequired\":true,\"valueName\":\"search_term_string\"}}],\"inLanguage\":\"it-IT\"},{\"@type\":\"Organization\",\"@id\":\"https:\/\/www.hmimmobilien.it\/it\/#organization\",\"name\":\"H&M Immobilien\",\"url\":\"https:\/\/www.hmimmobilien.it\/it\/\",\"logo\":{\"@type\":\"ImageObject\",\"inLanguage\":\"it-IT\",\"@id\":\"https:\/\/www.hmimmobilien.it\/it\/#\/schema\/logo\/image\/\",\"url\":\"https:\/\/www.hmimmobilien.it\/wp-content\/uploads\/logo.png\",\"contentUrl\":\"https:\/\/www.hmimmobilien.it\/wp-content\/uploads\/logo.png\",\"width\":200,\"height\":200,\"caption\":\"H&M Immobilien\"},\"image\":{\"@id\":\"https:\/\/www.hmimmobilien.it\/it\/#\/schema\/logo\/image\/\"}}]}<\/script>\n<!-- \/ Yoast SEO plugin. -->","yoast_head_json":{"title":"H&M Immobilien | Vendite immobiliari in Alto Adige","description":"H&M Immobilien, il vostro partner affidabile nel settore immobiliare. Case, appartamenti, terreni commerciali: trovate la propriet\u00e0 dei vostri sogni.","robots":{"index":"index","follow":"follow","max-snippet":"max-snippet:-1","max-image-preview":"max-image-preview:large","max-video-preview":"max-video-preview:-1"},"canonical":"https:\/\/www.hmimmobilien.it\/it\/","og_locale":"it_IT","og_type":"article","og_title":"H&M Immobilien | Vendite immobiliari in Alto Adige","og_description":"H&M Immobilien, il vostro partner affidabile nel settore immobiliare. Case, appartamenti, terreni commerciali: trovate la propriet\u00e0 dei vostri sogni.","og_url":"https:\/\/www.hmimmobilien.it\/it\/","og_site_name":"H&amp;M Immobilien - Vendite immobiliari in Alto Adige","article_modified_time":"2023-08-17T12:21:03+00:00","og_image":[{"width":2000,"height":1200,"url":"https:\/\/www.hmimmobilien.it\/wp-content\/uploads\/shutterstock_1992009482.jpg","type":"image\/jpeg"}],"twitter_card":"summary_large_image","schema":{"@context":"https:\/\/schema.org","@graph":[{"@type":"WebPage","@id":"https:\/\/www.hmimmobilien.it\/it\/","url":"https:\/\/www.hmimmobilien.it\/it\/","name":"H&M Immobilien | Vendite immobiliari in Alto Adige","isPartOf":{"@id":"https:\/\/www.hmimmobilien.it\/it\/#website"},"primaryImageOfPage":{"@id":"https:\/\/www.hmimmobilien.it\/it\/#primaryimage"},"image":{"@id":"https:\/\/www.hmimmobilien.it\/it\/#primaryimage"},"thumbnailUrl":"https:\/\/www.hmimmobilien.it\/wp-content\/uploads\/shutterstock_1992009482.jpg","datePublished":"2023-07-05T07:45:21+00:00","dateModified":"2023-08-17T12:21:03+00:00","description":"H&M Immobilien, il vostro partner affidabile nel settore immobiliare. Case, appartamenti, terreni commerciali: trovate la propriet\u00e0 dei vostri sogni.","breadcrumb":{"@id":"https:\/\/www.hmimmobilien.it\/it\/#breadcrumb"},"inLanguage":"it-IT","potentialAction":[{"@type":"ReadAction","target":["https:\/\/www.hmimmobilien.it\/it\/"]}]},{"@type":"ImageObject","inLanguage":"it-IT","@id":"https:\/\/www.hmimmobilien.it\/it\/#primaryimage","url":"https:\/\/www.hmimmobilien.it\/wp-content\/uploads\/shutterstock_1992009482.jpg","contentUrl":"https:\/\/www.hmimmobilien.it\/wp-content\/uploads\/shutterstock_1992009482.jpg","width":2000,"height":1200},{"@type":"BreadcrumbList","@id":"https:\/\/www.hmimmobilien.it\/it\/#breadcrumb","itemListElement":[{"@type":"ListItem","position":1,"name":"Startseite","item":"https:\/\/www.hmimmobilien.it\/it\/"},{"@type":"ListItem","position":2,"name":"Home"}]},{"@type":"WebSite","@id":"https:\/\/www.hmimmobilien.it\/it\/#website","url":"https:\/\/www.hmimmobilien.it\/it\/","name":"H&M Immobilien \u2013 Ihr verl\u00e4sslicher Partner f\u00fcr den Immobilienverkauf in S\u00fcdtirol","description":"","publisher":{"@id":"https:\/\/www.hmimmobilien.it\/it\/#organization"},"potentialAction":[{"@type":"SearchAction","target":{"@type":"EntryPoint","urlTemplate":"https:\/\/www.hmimmobilien.it\/it\/?s={search_term_string}"},"query-input":{"@type":"PropertyValueSpecification","valueRequired":true,"valueName":"search_term_string"}}],"inLanguage":"it-IT"},{"@type":"Organization","@id":"https:\/\/www.hmimmobilien.it\/it\/#organization","name":"H&M Immobilien","url":"https:\/\/www.hmimmobilien.it\/it\/","logo":{"@type":"ImageObject","inLanguage":"it-IT","@id":"https:\/\/www.hmimmobilien.it\/it\/#\/schema\/logo\/image\/","url":"https:\/\/www.hmimmobilien.it\/wp-content\/uploads\/logo.png","contentUrl":"https:\/\/www.hmimmobilien.it\/wp-content\/uploads\/logo.png","width":200,"height":200,"caption":"H&M Immobilien"},"image":{"@id":"https:\/\/www.hmimmobilien.it\/it\/#\/schema\/logo\/image\/"}}]}},"_links":{"self":[{"href":"https:\/\/www.hmimmobilien.it\/it\/wp-json\/wp\/v2\/pages\/168","targetHints":{"allow":["GET"]}}],"collection":[{"href":"https:\/\/www.hmimmobilien.it\/it\/wp-json\/wp\/v2\/pages"}],"about":[{"href":"https:\/\/www.hmimmobilien.it\/it\/wp-json\/wp\/v2\/types\/page"}],"author":[{"embeddable":true,"href":"https:\/\/www.hmimmobilien.it\/it\/wp-json\/wp\/v2\/users\/1"}],"replies":[{"embeddable":true,"href":"https:\/\/www.hmimmobilien.it\/it\/wp-json\/wp\/v2\/comments?post=168"}],"version-history":[{"count":1,"href":"https:\/\/www.hmimmobilien.it\/it\/wp-json\/wp\/v2\/pages\/168\/revisions"}],"predecessor-version":[{"id":169,"href":"https:\/\/www.hmimmobilien.it\/it\/wp-json\/wp\/v2\/pages\/168\/revisions\/169"}],"wp:featuredmedia":[{"embeddable":true,"href":"https:\/\/www.hmimmobilien.it\/it\/wp-json\/wp\/v2\/media\/138"}],"wp:attachment":[{"href":"https:\/\/www.hmimmobilien.it\/it\/wp-json\/wp\/v2\/media?parent=168"}],"curies":[{"name":"wp","href":"https:\/\/api.w.org\/{rel}","templated":true}]}}